{"id":1421,"date":"2024-04-02T13:30:42","date_gmt":"2024-04-02T13:30:42","guid":{"rendered":"https:\/\/salonapahida.ro\/?page_id=1421"},"modified":"2024-04-02T13:38:17","modified_gmt":"2024-04-02T13:38:17","slug":"cookie-policy","status":"publish","type":"page","link":"https:\/\/salonapahida.ro\/index.php\/cookie-policy\/","title":{"rendered":"Cookie policy"},"content":{"rendered":"\t\t<div data-elementor-type=\"wp-page\" data-elementor-id=\"1421\" class=\"elementor elementor-1421\" data-elementor-post-type=\"page\">\n\t\t\t\t<div class=\"elementor-element elementor-element-49e3d02 e-flex e-con-boxed e-con e-parent\" data-id=\"49e3d02\" data-element_type=\"container\">\n\t\t\t\t\t<div class=\"e-con-inner\">\n\t\t\t\t<div class=\"elementor-element elementor-element-1f5704e elementor-widget elementor-widget-heading\" data-id=\"1f5704e\" data-element_type=\"widget\" data-widget_type=\"heading.default\">\n\t\t\t\t<div class=\"elementor-widget-container\">\n\t\t\t\t\t<h2 class=\"elementor-heading-title elementor-size-default\">Politica de cookie-uri<\/h2>\t\t\t\t<\/div>\n\t\t\t\t<\/div>\n\t\t\t\t\t<\/div>\n\t\t\t\t<\/div>\n\t\t<div class=\"elementor-element elementor-element-3a6b35a e-flex e-con-boxed e-con e-parent\" data-id=\"3a6b35a\" data-element_type=\"container\">\n\t\t\t\t\t<div class=\"e-con-inner\">\n\t\t\t\t<div class=\"elementor-element elementor-element-05c6ff5 elementor-widget elementor-widget-shortcode\" data-id=\"05c6ff5\" data-element_type=\"widget\" data-widget_type=\"shortcode.default\">\n\t\t\t\t<div class=\"elementor-widget-container\">\n\t\t\t\t\t\t\t<div class=\"elementor-shortcode\"><style>\n    a.cky-banner-element {\n        padding: 8px 30px;\n        background: #F8F9FA;\n        color: #858A8F;\n        border: 1px solid #DEE2E6;\n        box-sizing: border-box;\n        border-radius: 2px;\n        cursor: pointer;\n}\n<\/style>\n\n&nbsp;\n    <h5>Ce cookie-uri folosim ?<\/h5>\n\n    <div class=\"cky-audit-table-element\"><\/div>\n\n&nbsp;\n    <h5 style=\"margin-bottom:20px;\">Manage cookie preferences<\/h5>\n\n    <a class=\"cky-banner-element\">Cookie Settings<\/a> <br\/>\n\n    <div><p>Po\u021bi schimba preferin\u021bele tale privind cookie-urile oric\u00e2nd f\u0103c\u00e2nd clic pe butonul de mai sus. Acest lucru \u00ee\u021bi va permite s\u0103 revezi bannerul de consim\u021b\u0103m\u00e2nt pentru cookie-uri \u0219i s\u0103 \u00ee\u021bi schimbi preferin\u021bele sau s\u0103 retragi consim\u021b\u0103m\u00e2ntul imediat.<\/p><\/div>\n\t\t\t\t\t\t<\/div>\n\t\t\t\t<\/div>\n\t\t\t\t\t<\/div>\n\t\t\t\t<\/div>\n\t\t<div class=\"elementor-element elementor-element-dd827f1 e-flex e-con-boxed e-con e-parent\" data-id=\"dd827f1\" data-element_type=\"container\">\n\t\t\t\t\t<div class=\"e-con-inner\">\n\t\t\t\t<div class=\"elementor-element elementor-element-b8e5d36 elementor-widget elementor-widget-text-editor\" data-id=\"b8e5d36\" data-element_type=\"widget\" data-widget_type=\"text-editor.default\">\n\t\t\t\t<div class=\"elementor-widget-container\">\n\t\t\t\t\t\t\t\t\t<p>Ce sunt cookie-urile?<\/p><p>Aceast\u0103 Politic\u0103 privind Cookie-urile explic\u0103 ce sunt cookie-urile \u0219i cum le utiliz\u0103m, tipurile de cookie-uri pe care le folosim, adic\u0103 informa\u021biile pe care le colect\u0103m folosind cookie-uri \u0219i cum sunt folosite aceste informa\u021bii, \u0219i cum s\u0103 gestionezi set\u0103rile pentru cookie-uri.<\/p><p>Cookie-urile sunt fi\u0219iere text mici care sunt folosite pentru a stoca buc\u0103\u021bi mici de informa\u021bii. Ele sunt stocate pe dispozitivul t\u0103u atunci c\u00e2nd site-ul web este \u00eenc\u0103rcat \u00een browserul t\u0103u. Aceste cookie-uri ne ajut\u0103 s\u0103 facem site-ul web s\u0103 func\u021bioneze corect, s\u0103-l facem mai sigur, s\u0103 oferim o experien\u021b\u0103 mai bun\u0103 utilizatorului, s\u0103 \u00een\u021belegem cum func\u021bioneaz\u0103 site-ul web \u0219i s\u0103 analiz\u0103m ce func\u021bioneaz\u0103 \u0219i unde este nevoie de \u00eembun\u0103t\u0103\u021biri.<\/p><p>Cum folosim cookie-urile?<\/p><p>Ca majoritatea serviciilor online, site-ul nostru folose\u0219te cookie-uri de prim\u0103 parte \u0219i de ter\u021bi pentru mai multe scopuri. Cookie-urile de prim\u0103 parte sunt \u00een mare parte necesare pentru ca site-ul web s\u0103 func\u021bioneze \u00een mod corect, \u0219i nu colecteaz\u0103 niciuna dintre datele tale personale identificabile.<\/p><p>Cookie-urile de ter\u021bi folosite pe site-ul nostru sunt \u00een principal pentru a \u00een\u021belege cum func\u021bioneaz\u0103 site-ul web, cum interac\u021bionezi cu site-ul nostru, men\u021bin\u00e2nd serviciile noastre \u00een siguran\u021b\u0103, oferind reclame care sunt relevante pentru tine, \u0219i per total oferindu-\u021bi o experien\u021b\u0103 de utilizator mai bun\u0103 \u0219i \u00eembun\u0103t\u0103\u021bit\u0103 \u0219i ajut\u00e2nd la accelerarea interac\u021biunilor tale viitoare cu site-ul nostru.<\/p><p>\u00cen plus fa\u021b\u0103 de aceasta, diferite browsere ofer\u0103 diferite metode pentru a bloca \u0219i \u0219terge cookie-urile utilizate de site-uri web. Po\u021bi schimba set\u0103rile browserului t\u0103u pentru a bloca\/\u0219terge cookie-urile. Mai jos sunt listate linkurile c\u0103tre documentele de suport despre cum s\u0103 gestionezi \u0219i s\u0103 \u0219tergi cookie-urile din principalele browsere web.<\/p><p>Chrome: <a href=\"https:\/\/support.google.com\/accounts\/answer\/32050\" target=\"_new\">https:\/\/support.google.com\/accounts\/answer\/32050<\/a><\/p><p>Safari: <a href=\"https:\/\/support.apple.com\/ro-ro\/guide\/safari\/sfri11471\/mac\" target=\"_new\">https:\/\/support.apple.com\/ro-ro\/guide\/safari\/sfri11471\/mac<\/a><\/p><p>Firefox: <a href=\"https:\/\/support.mozilla.org\/ro\/kb\/sterge-cookie-urile-pentru-a-inlatura-informatiile\" target=\"_new\">https:\/\/support.mozilla.org\/ro\/kb\/sterge-cookie-urile-pentru-a-inlatura-informatiile<\/a><\/p><p>Internet Explorer: <a href=\"https:\/\/support.microsoft.com\/ro-ro\/topic\/how-to-delete-cookie-files-in-internet-explorer-bca9446f-d873-78de-77ba-d42645fa52fc\" target=\"_new\">https:\/\/support.microsoft.com\/ro-ro\/topic\/how-to-delete-cookie-files-in-internet-explorer-bca9446f-d873-78de-77ba-d42645fa52fc<\/a><\/p><p>Dac\u0103 folose\u0219ti orice alt browser web, te rug\u0103m s\u0103 vizitezi documentele oficiale de suport ale browserului t\u0103u.<\/p>\t\t\t\t\t\t\t\t<\/div>\n\t\t\t\t<\/div>\n\t\t\t\t\t<\/div>\n\t\t\t\t<\/div>\n\t\t\t\t<\/div>\n\t\t","protected":false},"excerpt":{"rendered":"<p>Politica de cookie-uri &nbsp; Ce cookie-uri folosim ? &nbsp; Manage cookie preferences Cookie Settings Po\u021bi schimba preferin\u021bele tale privind cookie-urile oric\u00e2nd f\u0103c\u00e2nd clic pe butonul de mai sus. Acest lucru \u00ee\u021bi va permite s\u0103 revezi bannerul de consim\u021b\u0103m\u00e2nt pentru cookie-uri \u0219i s\u0103 \u00ee\u021bi schimbi preferin\u021bele sau s\u0103 retragi consim\u021b\u0103m\u00e2ntul imediat. Ce sunt cookie-urile? Aceast\u0103 Politic\u0103 [&hellip;]<\/p>\n","protected":false},"author":1,"featured_media":0,"parent":0,"menu_order":0,"comment_status":"closed","ping_status":"closed","template":"","meta":{"footnotes":""},"class_list":["post-1421","page","type-page","status-publish","hentry"],"yoast_head":"<!-- This site is optimized with the Yoast SEO plugin v25.3 - https:\/\/yoast.com\/wordpress\/plugins\/seo\/ -->\n<title>Cookie policy - Lavi Beauty Studio<\/title>\n<meta name=\"robots\" content=\"index, follow, max-snippet:-1, max-image-preview:large, max-video-preview:-1\" \/>\n<link rel=\"canonical\" href=\"https:\/\/salonapahida.ro\/index.php\/cookie-policy\/\" \/>\n<meta property=\"og:locale\" content=\"en_US\" \/>\n<meta property=\"og:type\" content=\"article\" \/>\n<meta property=\"og:title\" content=\"Cookie policy - Lavi Beauty Studio\" \/>\n<meta property=\"og:description\" content=\"Politica de cookie-uri &nbsp; Ce cookie-uri folosim ? &nbsp; Manage cookie preferences Cookie Settings Po\u021bi schimba preferin\u021bele tale privind cookie-urile oric\u00e2nd f\u0103c\u00e2nd clic pe butonul de mai sus. Acest lucru \u00ee\u021bi va permite s\u0103 revezi bannerul de consim\u021b\u0103m\u00e2nt pentru cookie-uri \u0219i s\u0103 \u00ee\u021bi schimbi preferin\u021bele sau s\u0103 retragi consim\u021b\u0103m\u00e2ntul imediat. Ce sunt cookie-urile? Aceast\u0103 Politic\u0103 [&hellip;]\" \/>\n<meta property=\"og:url\" content=\"https:\/\/salonapahida.ro\/index.php\/cookie-policy\/\" \/>\n<meta property=\"og:site_name\" content=\"Lavi Beauty Studio\" \/>\n<meta property=\"article:publisher\" content=\"https:\/\/www.facebook.com\/profile.php?id=100083311360591&amp;paipv=0&amp;eav=AfaLMLO08DE3-7mICYUh4UBMd_fWwNzImhY40em3QHCeVWKANu4Mbc3IWgo0Dwi2K2g\" \/>\n<meta property=\"article:modified_time\" content=\"2024-04-02T13:38:17+00:00\" \/>\n<meta name=\"twitter:card\" content=\"summary_large_image\" \/>\n<meta name=\"twitter:label1\" content=\"Est. reading time\" \/>\n\t<meta name=\"twitter:data1\" content=\"2 minutes\" \/>\n<script type=\"application\/ld+json\" class=\"yoast-schema-graph\">{\"@context\":\"https:\/\/schema.org\",\"@graph\":[{\"@type\":\"WebPage\",\"@id\":\"https:\/\/salonapahida.ro\/index.php\/cookie-policy\/\",\"url\":\"https:\/\/salonapahida.ro\/index.php\/cookie-policy\/\",\"name\":\"Cookie policy - Lavi Beauty Studio\",\"isPartOf\":{\"@id\":\"https:\/\/salonapahida.ro\/#website\"},\"datePublished\":\"2024-04-02T13:30:42+00:00\",\"dateModified\":\"2024-04-02T13:38:17+00:00\",\"breadcrumb\":{\"@id\":\"https:\/\/salonapahida.ro\/index.php\/cookie-policy\/#breadcrumb\"},\"inLanguage\":\"en-US\",\"potentialAction\":[{\"@type\":\"ReadAction\",\"target\":[\"https:\/\/salonapahida.ro\/index.php\/cookie-policy\/\"]}]},{\"@type\":\"BreadcrumbList\",\"@id\":\"https:\/\/salonapahida.ro\/index.php\/cookie-policy\/#breadcrumb\",\"itemListElement\":[{\"@type\":\"ListItem\",\"position\":1,\"name\":\"Home\",\"item\":\"https:\/\/salonapahida.ro\/\"},{\"@type\":\"ListItem\",\"position\":2,\"name\":\"Cookie policy\"}]},{\"@type\":\"WebSite\",\"@id\":\"https:\/\/salonapahida.ro\/#website\",\"url\":\"https:\/\/salonapahida.ro\/\",\"name\":\"Lavi Beauty Studio\",\"description\":\"\",\"publisher\":{\"@id\":\"https:\/\/salonapahida.ro\/#organization\"},\"potentialAction\":[{\"@type\":\"SearchAction\",\"target\":{\"@type\":\"EntryPoint\",\"urlTemplate\":\"https:\/\/salonapahida.ro\/?s={search_term_string}\"},\"query-input\":{\"@type\":\"PropertyValueSpecification\",\"valueRequired\":true,\"valueName\":\"search_term_string\"}}],\"inLanguage\":\"en-US\"},{\"@type\":\"Organization\",\"@id\":\"https:\/\/salonapahida.ro\/#organization\",\"name\":\"Lavi Beauty Studio\",\"url\":\"https:\/\/salonapahida.ro\/\",\"logo\":{\"@type\":\"ImageObject\",\"inLanguage\":\"en-US\",\"@id\":\"https:\/\/salonapahida.ro\/#\/schema\/logo\/image\/\",\"url\":\"https:\/\/salonapahida.ro\/wp-content\/uploads\/2024\/03\/CREO-2.webp\",\"contentUrl\":\"https:\/\/salonapahida.ro\/wp-content\/uploads\/2024\/03\/CREO-2.webp\",\"width\":1562,\"height\":1562,\"caption\":\"Lavi Beauty Studio\"},\"image\":{\"@id\":\"https:\/\/salonapahida.ro\/#\/schema\/logo\/image\/\"},\"sameAs\":[\"https:\/\/www.facebook.com\/profile.php?id=100083311360591&paipv=0&eav=AfaLMLO08DE3-7mICYUh4UBMd_fWwNzImhY40em3QHCeVWKANu4Mbc3IWgo0Dwi2K2g\"]}]}<\/script>\n<!-- \/ Yoast SEO plugin. -->","yoast_head_json":{"title":"Cookie policy - Lavi Beauty Studio","robots":{"index":"index","follow":"follow","max-snippet":"max-snippet:-1","max-image-preview":"max-image-preview:large","max-video-preview":"max-video-preview:-1"},"canonical":"https:\/\/salonapahida.ro\/index.php\/cookie-policy\/","og_locale":"en_US","og_type":"article","og_title":"Cookie policy - Lavi Beauty Studio","og_description":"Politica de cookie-uri &nbsp; Ce cookie-uri folosim ? &nbsp; Manage cookie preferences Cookie Settings Po\u021bi schimba preferin\u021bele tale privind cookie-urile oric\u00e2nd f\u0103c\u00e2nd clic pe butonul de mai sus. Acest lucru \u00ee\u021bi va permite s\u0103 revezi bannerul de consim\u021b\u0103m\u00e2nt pentru cookie-uri \u0219i s\u0103 \u00ee\u021bi schimbi preferin\u021bele sau s\u0103 retragi consim\u021b\u0103m\u00e2ntul imediat. Ce sunt cookie-urile? Aceast\u0103 Politic\u0103 [&hellip;]","og_url":"https:\/\/salonapahida.ro\/index.php\/cookie-policy\/","og_site_name":"Lavi Beauty Studio","article_publisher":"https:\/\/www.facebook.com\/profile.php?id=100083311360591&paipv=0&eav=AfaLMLO08DE3-7mICYUh4UBMd_fWwNzImhY40em3QHCeVWKANu4Mbc3IWgo0Dwi2K2g","article_modified_time":"2024-04-02T13:38:17+00:00","twitter_card":"summary_large_image","twitter_misc":{"Est. reading time":"2 minutes"},"schema":{"@context":"https:\/\/schema.org","@graph":[{"@type":"WebPage","@id":"https:\/\/salonapahida.ro\/index.php\/cookie-policy\/","url":"https:\/\/salonapahida.ro\/index.php\/cookie-policy\/","name":"Cookie policy - Lavi Beauty Studio","isPartOf":{"@id":"https:\/\/salonapahida.ro\/#website"},"datePublished":"2024-04-02T13:30:42+00:00","dateModified":"2024-04-02T13:38:17+00:00","breadcrumb":{"@id":"https:\/\/salonapahida.ro\/index.php\/cookie-policy\/#breadcrumb"},"inLanguage":"en-US","potentialAction":[{"@type":"ReadAction","target":["https:\/\/salonapahida.ro\/index.php\/cookie-policy\/"]}]},{"@type":"BreadcrumbList","@id":"https:\/\/salonapahida.ro\/index.php\/cookie-policy\/#breadcrumb","itemListElement":[{"@type":"ListItem","position":1,"name":"Home","item":"https:\/\/salonapahida.ro\/"},{"@type":"ListItem","position":2,"name":"Cookie policy"}]},{"@type":"WebSite","@id":"https:\/\/salonapahida.ro\/#website","url":"https:\/\/salonapahida.ro\/","name":"Lavi Beauty Studio","description":"","publisher":{"@id":"https:\/\/salonapahida.ro\/#organization"},"potentialAction":[{"@type":"SearchAction","target":{"@type":"EntryPoint","urlTemplate":"https:\/\/salonapahida.ro\/?s={search_term_string}"},"query-input":{"@type":"PropertyValueSpecification","valueRequired":true,"valueName":"search_term_string"}}],"inLanguage":"en-US"},{"@type":"Organization","@id":"https:\/\/salonapahida.ro\/#organization","name":"Lavi Beauty Studio","url":"https:\/\/salonapahida.ro\/","logo":{"@type":"ImageObject","inLanguage":"en-US","@id":"https:\/\/salonapahida.ro\/#\/schema\/logo\/image\/","url":"https:\/\/salonapahida.ro\/wp-content\/uploads\/2024\/03\/CREO-2.webp","contentUrl":"https:\/\/salonapahida.ro\/wp-content\/uploads\/2024\/03\/CREO-2.webp","width":1562,"height":1562,"caption":"Lavi Beauty Studio"},"image":{"@id":"https:\/\/salonapahida.ro\/#\/schema\/logo\/image\/"},"sameAs":["https:\/\/www.facebook.com\/profile.php?id=100083311360591&paipv=0&eav=AfaLMLO08DE3-7mICYUh4UBMd_fWwNzImhY40em3QHCeVWKANu4Mbc3IWgo0Dwi2K2g"]}]}},"_links":{"self":[{"href":"https:\/\/salonapahida.ro\/index.php\/wp-json\/wp\/v2\/pages\/1421","targetHints":{"allow":["GET"]}}],"collection":[{"href":"https:\/\/salonapahida.ro\/index.php\/wp-json\/wp\/v2\/pages"}],"about":[{"href":"https:\/\/salonapahida.ro\/index.php\/wp-json\/wp\/v2\/types\/page"}],"author":[{"embeddable":true,"href":"https:\/\/salonapahida.ro\/index.php\/wp-json\/wp\/v2\/users\/1"}],"replies":[{"embeddable":true,"href":"https:\/\/salonapahida.ro\/index.php\/wp-json\/wp\/v2\/comments?post=1421"}],"version-history":[{"count":7,"href":"https:\/\/salonapahida.ro\/index.php\/wp-json\/wp\/v2\/pages\/1421\/revisions"}],"predecessor-version":[{"id":1428,"href":"https:\/\/salonapahida.ro\/index.php\/wp-json\/wp\/v2\/pages\/1421\/revisions\/1428"}],"wp:attachment":[{"href":"https:\/\/salonapahida.ro\/index.php\/wp-json\/wp\/v2\/media?parent=1421"}],"curies":[{"name":"wp","href":"https:\/\/api.w.org\/{rel}","templated":true}]}}