{"id":3,"date":"2024-03-19T18:23:16","date_gmt":"2024-03-19T18:23:16","guid":{"rendered":"https:\/\/salonapahida.ro\/?page_id=3"},"modified":"2024-04-02T13:52:43","modified_gmt":"2024-04-02T13:52:43","slug":"privacy-policy","status":"publish","type":"page","link":"https:\/\/salonapahida.ro\/index.php\/privacy-policy\/","title":{"rendered":"Privacy Policy"},"content":{"rendered":"\t\t<div data-elementor-type=\"wp-page\" data-elementor-id=\"3\" class=\"elementor elementor-3\" data-elementor-post-type=\"page\">\n\t\t\t\t<div class=\"elementor-element elementor-element-3ba44a9 e-flex e-con-boxed e-con e-parent\" data-id=\"3ba44a9\" data-element_type=\"container\">\n\t\t\t\t\t<div class=\"e-con-inner\">\n\t\t\t\t<div class=\"elementor-element elementor-element-f357a50 elementor-widget elementor-widget-heading\" data-id=\"f357a50\" data-element_type=\"widget\" data-widget_type=\"heading.default\">\n\t\t\t\t<div class=\"elementor-widget-container\">\n\t\t\t\t\t<h1 class=\"elementor-heading-title elementor-size-default\">Politica de confidentialitate<\/h1>\t\t\t\t<\/div>\n\t\t\t\t<\/div>\n\t\t\t\t\t<\/div>\n\t\t\t\t<\/div>\n\t\t<div class=\"elementor-element elementor-element-b1c3479 e-flex e-con-boxed e-con e-parent\" data-id=\"b1c3479\" data-element_type=\"container\">\n\t\t\t\t\t<div class=\"e-con-inner\">\n\t\t\t\t<div class=\"elementor-element elementor-element-1c4ae35 elementor-widget elementor-widget-text-editor\" data-id=\"1c4ae35\" data-element_type=\"widget\" data-widget_type=\"text-editor.default\">\n\t\t\t\t<div class=\"elementor-widget-container\">\n\t\t\t\t\t\t\t\t\t<p>Aceast\u0103 Politic\u0103 de Confiden\u021bialitate descrie politicile Lavi&#8217;s Beauty Studio, Str. Pietroasa 69 C, Cluj 407432, Rom\u00e2nia, email: lavinia.ochis@gmail.com, telefon: 0740175424, privind colectarea, utilizarea \u0219i divulgarea informa\u021biilor dumneavoastr\u0103 pe care le colect\u0103m atunci c\u00e2nd utiliza\u021bi site-ul nostru (salonapahida.ro). (\u201eServiciul\u201d). Acces\u00e2nd sau utiliz\u00e2nd Serviciul, consim\u021bi\u021bi la colectarea, utilizarea \u0219i divulgarea informa\u021biilor dumneavoastr\u0103 \u00een conformitate cu aceast\u0103 Politic\u0103 de Confiden\u021bialitate. Dac\u0103 nu consim\u021bi\u021bi la acelea\u0219i, v\u0103 rug\u0103m s\u0103 nu accesa\u021bi sau s\u0103 utiliza\u021bi Serviciul.<\/p><p>Putem modifica aceast\u0103 Politic\u0103 de Confiden\u021bialitate oric\u00e2nd f\u0103r\u0103 nicio notificare prealabil\u0103 \u0219i vom posta Politica de Confiden\u021bialitate revizuit\u0103 pe Serviciu. Politica revizuit\u0103 va fi efectiv\u0103 la 180 de zile de c\u00e2nd este postat\u0103 \u00een Serviciu \u0219i accesul sau utilizarea continu\u0103 a Serviciului dup\u0103 acest timp va constitui acceptarea dumneavoastr\u0103 a Politicii de Confiden\u021bialitate revizuite. Prin urmare, v\u0103 recomand\u0103m s\u0103 revizui\u021bi periodic aceast\u0103 pagin\u0103.<\/p><p>DREPTURILE DUMNEAVOASTR\u0102:<br \/>\u00cen func\u021bie de legea aplicabil\u0103, pute\u021bi avea dreptul de a accesa \u0219i rectifica sau \u0219terge datele dumneavoastr\u0103 personale sau de a primi o copie a datelor dumneavoastr\u0103 personale, de a restric\u021biona sau obiecta la procesarea activ\u0103 a datelor dumneavoastr\u0103, de a ne solicita s\u0103 partaj\u0103m (port\u0103m) informa\u021biile dumneavoastr\u0103 personale c\u0103tre o alt\u0103 entitate, de a retrage orice consim\u021b\u0103m\u00e2nt pe care l-a\u021bi furnizat pentru a ne permite s\u0103 proces\u0103m datele dumneavoastr\u0103, dreptul de a depune o pl\u00e2ngere la o autoritate statutar\u0103 \u0219i alte drepturi care pot fi relevante sub legile aplicabile. Pentru a exercita aceste drepturi, ne pute\u021bi scrie la lavinia.ochis@gmail.com. Vom r\u0103spunde la solicitarea dumneavoastr\u0103 \u00een conformitate cu legea aplicabil\u0103.<\/p><p>Re\u021bine\u021bi c\u0103, dac\u0103 nu ne permite\u021bi s\u0103 colect\u0103m sau s\u0103 proces\u0103m informa\u021biile personale necesare sau retrage\u021bi consim\u021b\u0103m\u00e2ntul pentru a procesa acelea\u0219i \u00een scopurile necesare, este posibil s\u0103 nu pute\u021bi accesa sau utiliza serviciile pentru care informa\u021biile dumneavoastr\u0103 au fost solicitate.<\/p><p><strong>COOKIE-URI ETC.<\/strong><br \/>Pentru a afla mai multe despre cum folosim acestea \u0219i alegerile dumneavoastr\u0103 \u00een rela\u021bie cu aceste tehnologii de urm\u0103rire, v\u0103 rug\u0103m s\u0103 consulta\u021bi<a href=\"https:\/\/salonapahida.ro\/index.php\/cookie-policy\/\"> Politica noastr\u0103 privind Cookie-urile.<\/a><\/p><p><strong>SECURITATE:<\/strong><\/p><p>Securitatea informa\u021biilor dumneavoastr\u0103 este important\u0103 pentru noi \u0219i vom utiliza m\u0103suri de securitate rezonabile pentru a preveni pierderea, utilizarea gre\u0219it\u0103 sau alterarea neautorizat\u0103 a informa\u021biilor dumneavoastr\u0103 sub controlul nostru. Cu toate acestea, dat fiind riscurile inerente, nu putem garanta securitatea absolut\u0103 \u0219i, prin urmare, nu putem asigura sau garanta securitatea oric\u0103ror informa\u021bii pe care ni le transmite\u021bi \u0219i o face\u021bi pe propriul risc.<\/p><p><strong>PROTEC\u021aIA DATELOR:<\/strong><br \/>Dac\u0103 ave\u021bi orice \u00eentreb\u0103ri sau preocup\u0103ri legate de procesarea informa\u021biilor dumneavoastr\u0103 care sunt disponibile la noi, pute\u021bi trimite un email la Lavi&#8217;s Beauty Studio, Str. Pietroasa 69 C, email: lavinia.ochis@gmail.com. Vom aborda preocup\u0103rile dumneavoastr\u0103 \u00een conformitate cu legea aplicabil\u0103.<\/p>\t\t\t\t\t\t\t\t<\/div>\n\t\t\t\t<\/div>\n\t\t\t\t\t<\/div>\n\t\t\t\t<\/div>\n\t\t\t\t<\/div>\n\t\t","protected":false},"excerpt":{"rendered":"<p>Politica de confidentialitate Aceast\u0103 Politic\u0103 de Confiden\u021bialitate descrie politicile Lavi&#8217;s Beauty Studio, Str. Pietroasa 69 C, Cluj 407432, Rom\u00e2nia, email: lavinia.ochis@gmail.com, telefon: 0740175424, privind colectarea, utilizarea \u0219i divulgarea informa\u021biilor dumneavoastr\u0103 pe care le colect\u0103m atunci c\u00e2nd utiliza\u021bi site-ul nostru (salonapahida.ro). (\u201eServiciul\u201d). Acces\u00e2nd sau utiliz\u00e2nd Serviciul, consim\u021bi\u021bi la colectarea, utilizarea \u0219i divulgarea informa\u021biilor dumneavoastr\u0103 \u00een conformitate [&hellip;]<\/p>\n","protected":false},"author":1,"featured_media":0,"parent":0,"menu_order":0,"comment_status":"closed","ping_status":"open","template":"","meta":{"footnotes":""},"class_list":["post-3","page","type-page","status-publish","hentry"],"yoast_head":"<!-- This site is optimized with the Yoast SEO plugin v25.3 - https:\/\/yoast.com\/wordpress\/plugins\/seo\/ -->\n<title>Privacy Policy - Lavi Beauty Studio<\/title>\n<meta name=\"robots\" content=\"index, follow, max-snippet:-1, max-image-preview:large, max-video-preview:-1\" \/>\n<link rel=\"canonical\" href=\"https:\/\/salonapahida.ro\/index.php\/privacy-policy\/\" \/>\n<meta property=\"og:locale\" content=\"en_US\" \/>\n<meta property=\"og:type\" content=\"article\" \/>\n<meta property=\"og:title\" content=\"Privacy Policy - Lavi Beauty Studio\" \/>\n<meta property=\"og:description\" content=\"Politica de confidentialitate Aceast\u0103 Politic\u0103 de Confiden\u021bialitate descrie politicile Lavi&#8217;s Beauty Studio, Str. Pietroasa 69 C, Cluj 407432, Rom\u00e2nia, email: lavinia.ochis@gmail.com, telefon: 0740175424, privind colectarea, utilizarea \u0219i divulgarea informa\u021biilor dumneavoastr\u0103 pe care le colect\u0103m atunci c\u00e2nd utiliza\u021bi site-ul nostru (salonapahida.ro). (\u201eServiciul\u201d). Acces\u00e2nd sau utiliz\u00e2nd Serviciul, consim\u021bi\u021bi la colectarea, utilizarea \u0219i divulgarea informa\u021biilor dumneavoastr\u0103 \u00een conformitate [&hellip;]\" \/>\n<meta property=\"og:url\" content=\"https:\/\/salonapahida.ro\/index.php\/privacy-policy\/\" \/>\n<meta property=\"og:site_name\" content=\"Lavi Beauty Studio\" \/>\n<meta property=\"article:publisher\" content=\"https:\/\/www.facebook.com\/profile.php?id=100083311360591&amp;paipv=0&amp;eav=AfaLMLO08DE3-7mICYUh4UBMd_fWwNzImhY40em3QHCeVWKANu4Mbc3IWgo0Dwi2K2g\" \/>\n<meta property=\"article:modified_time\" content=\"2024-04-02T13:52:43+00:00\" \/>\n<meta name=\"twitter:card\" content=\"summary_large_image\" \/>\n<meta name=\"twitter:label1\" content=\"Est. reading time\" \/>\n\t<meta name=\"twitter:data1\" content=\"2 minutes\" \/>\n<script type=\"application\/ld+json\" class=\"yoast-schema-graph\">{\"@context\":\"https:\/\/schema.org\",\"@graph\":[{\"@type\":\"WebPage\",\"@id\":\"https:\/\/salonapahida.ro\/index.php\/privacy-policy\/\",\"url\":\"https:\/\/salonapahida.ro\/index.php\/privacy-policy\/\",\"name\":\"Privacy Policy - Lavi Beauty Studio\",\"isPartOf\":{\"@id\":\"https:\/\/salonapahida.ro\/#website\"},\"datePublished\":\"2024-03-19T18:23:16+00:00\",\"dateModified\":\"2024-04-02T13:52:43+00:00\",\"breadcrumb\":{\"@id\":\"https:\/\/salonapahida.ro\/index.php\/privacy-policy\/#breadcrumb\"},\"inLanguage\":\"en-US\",\"potentialAction\":[{\"@type\":\"ReadAction\",\"target\":[\"https:\/\/salonapahida.ro\/index.php\/privacy-policy\/\"]}]},{\"@type\":\"BreadcrumbList\",\"@id\":\"https:\/\/salonapahida.ro\/index.php\/privacy-policy\/#breadcrumb\",\"itemListElement\":[{\"@type\":\"ListItem\",\"position\":1,\"name\":\"Home\",\"item\":\"https:\/\/salonapahida.ro\/\"},{\"@type\":\"ListItem\",\"position\":2,\"name\":\"Privacy Policy\"}]},{\"@type\":\"WebSite\",\"@id\":\"https:\/\/salonapahida.ro\/#website\",\"url\":\"https:\/\/salonapahida.ro\/\",\"name\":\"Lavi Beauty Studio\",\"description\":\"\",\"publisher\":{\"@id\":\"https:\/\/salonapahida.ro\/#organization\"},\"potentialAction\":[{\"@type\":\"SearchAction\",\"target\":{\"@type\":\"EntryPoint\",\"urlTemplate\":\"https:\/\/salonapahida.ro\/?s={search_term_string}\"},\"query-input\":{\"@type\":\"PropertyValueSpecification\",\"valueRequired\":true,\"valueName\":\"search_term_string\"}}],\"inLanguage\":\"en-US\"},{\"@type\":\"Organization\",\"@id\":\"https:\/\/salonapahida.ro\/#organization\",\"name\":\"Lavi Beauty Studio\",\"url\":\"https:\/\/salonapahida.ro\/\",\"logo\":{\"@type\":\"ImageObject\",\"inLanguage\":\"en-US\",\"@id\":\"https:\/\/salonapahida.ro\/#\/schema\/logo\/image\/\",\"url\":\"https:\/\/salonapahida.ro\/wp-content\/uploads\/2024\/03\/CREO-2.webp\",\"contentUrl\":\"https:\/\/salonapahida.ro\/wp-content\/uploads\/2024\/03\/CREO-2.webp\",\"width\":1562,\"height\":1562,\"caption\":\"Lavi Beauty Studio\"},\"image\":{\"@id\":\"https:\/\/salonapahida.ro\/#\/schema\/logo\/image\/\"},\"sameAs\":[\"https:\/\/www.facebook.com\/profile.php?id=100083311360591&paipv=0&eav=AfaLMLO08DE3-7mICYUh4UBMd_fWwNzImhY40em3QHCeVWKANu4Mbc3IWgo0Dwi2K2g\"]}]}<\/script>\n<!-- \/ Yoast SEO plugin. -->","yoast_head_json":{"title":"Privacy Policy - Lavi Beauty Studio","robots":{"index":"index","follow":"follow","max-snippet":"max-snippet:-1","max-image-preview":"max-image-preview:large","max-video-preview":"max-video-preview:-1"},"canonical":"https:\/\/salonapahida.ro\/index.php\/privacy-policy\/","og_locale":"en_US","og_type":"article","og_title":"Privacy Policy - Lavi Beauty Studio","og_description":"Politica de confidentialitate Aceast\u0103 Politic\u0103 de Confiden\u021bialitate descrie politicile Lavi&#8217;s Beauty Studio, Str. Pietroasa 69 C, Cluj 407432, Rom\u00e2nia, email: lavinia.ochis@gmail.com, telefon: 0740175424, privind colectarea, utilizarea \u0219i divulgarea informa\u021biilor dumneavoastr\u0103 pe care le colect\u0103m atunci c\u00e2nd utiliza\u021bi site-ul nostru (salonapahida.ro). (\u201eServiciul\u201d). Acces\u00e2nd sau utiliz\u00e2nd Serviciul, consim\u021bi\u021bi la colectarea, utilizarea \u0219i divulgarea informa\u021biilor dumneavoastr\u0103 \u00een conformitate [&hellip;]","og_url":"https:\/\/salonapahida.ro\/index.php\/privacy-policy\/","og_site_name":"Lavi Beauty Studio","article_publisher":"https:\/\/www.facebook.com\/profile.php?id=100083311360591&paipv=0&eav=AfaLMLO08DE3-7mICYUh4UBMd_fWwNzImhY40em3QHCeVWKANu4Mbc3IWgo0Dwi2K2g","article_modified_time":"2024-04-02T13:52:43+00:00","twitter_card":"summary_large_image","twitter_misc":{"Est. reading time":"2 minutes"},"schema":{"@context":"https:\/\/schema.org","@graph":[{"@type":"WebPage","@id":"https:\/\/salonapahida.ro\/index.php\/privacy-policy\/","url":"https:\/\/salonapahida.ro\/index.php\/privacy-policy\/","name":"Privacy Policy - Lavi Beauty Studio","isPartOf":{"@id":"https:\/\/salonapahida.ro\/#website"},"datePublished":"2024-03-19T18:23:16+00:00","dateModified":"2024-04-02T13:52:43+00:00","breadcrumb":{"@id":"https:\/\/salonapahida.ro\/index.php\/privacy-policy\/#breadcrumb"},"inLanguage":"en-US","potentialAction":[{"@type":"ReadAction","target":["https:\/\/salonapahida.ro\/index.php\/privacy-policy\/"]}]},{"@type":"BreadcrumbList","@id":"https:\/\/salonapahida.ro\/index.php\/privacy-policy\/#breadcrumb","itemListElement":[{"@type":"ListItem","position":1,"name":"Home","item":"https:\/\/salonapahida.ro\/"},{"@type":"ListItem","position":2,"name":"Privacy Policy"}]},{"@type":"WebSite","@id":"https:\/\/salonapahida.ro\/#website","url":"https:\/\/salonapahida.ro\/","name":"Lavi Beauty Studio","description":"","publisher":{"@id":"https:\/\/salonapahida.ro\/#organization"},"potentialAction":[{"@type":"SearchAction","target":{"@type":"EntryPoint","urlTemplate":"https:\/\/salonapahida.ro\/?s={search_term_string}"},"query-input":{"@type":"PropertyValueSpecification","valueRequired":true,"valueName":"search_term_string"}}],"inLanguage":"en-US"},{"@type":"Organization","@id":"https:\/\/salonapahida.ro\/#organization","name":"Lavi Beauty Studio","url":"https:\/\/salonapahida.ro\/","logo":{"@type":"ImageObject","inLanguage":"en-US","@id":"https:\/\/salonapahida.ro\/#\/schema\/logo\/image\/","url":"https:\/\/salonapahida.ro\/wp-content\/uploads\/2024\/03\/CREO-2.webp","contentUrl":"https:\/\/salonapahida.ro\/wp-content\/uploads\/2024\/03\/CREO-2.webp","width":1562,"height":1562,"caption":"Lavi Beauty Studio"},"image":{"@id":"https:\/\/salonapahida.ro\/#\/schema\/logo\/image\/"},"sameAs":["https:\/\/www.facebook.com\/profile.php?id=100083311360591&paipv=0&eav=AfaLMLO08DE3-7mICYUh4UBMd_fWwNzImhY40em3QHCeVWKANu4Mbc3IWgo0Dwi2K2g"]}]}},"_links":{"self":[{"href":"https:\/\/salonapahida.ro\/index.php\/wp-json\/wp\/v2\/pages\/3","targetHints":{"allow":["GET"]}}],"collection":[{"href":"https:\/\/salonapahida.ro\/index.php\/wp-json\/wp\/v2\/pages"}],"about":[{"href":"https:\/\/salonapahida.ro\/index.php\/wp-json\/wp\/v2\/types\/page"}],"author":[{"embeddable":true,"href":"https:\/\/salonapahida.ro\/index.php\/wp-json\/wp\/v2\/users\/1"}],"replies":[{"embeddable":true,"href":"https:\/\/salonapahida.ro\/index.php\/wp-json\/wp\/v2\/comments?post=3"}],"version-history":[{"count":10,"href":"https:\/\/salonapahida.ro\/index.php\/wp-json\/wp\/v2\/pages\/3\/revisions"}],"predecessor-version":[{"id":1435,"href":"https:\/\/salonapahida.ro\/index.php\/wp-json\/wp\/v2\/pages\/3\/revisions\/1435"}],"wp:attachment":[{"href":"https:\/\/salonapahida.ro\/index.php\/wp-json\/wp\/v2\/media?parent=3"}],"curies":[{"name":"wp","href":"https:\/\/api.w.org\/{rel}","templated":true}]}}