{"id":89,"date":"2024-03-21T09:53:22","date_gmt":"2024-03-21T09:53:22","guid":{"rendered":"https:\/\/salonapahida.ro\/?page_id=89"},"modified":"2024-04-06T14:13:16","modified_gmt":"2024-04-06T14:13:16","slug":"servicii","status":"publish","type":"page","link":"https:\/\/salonapahida.ro\/index.php\/servicii\/","title":{"rendered":"Servicii"},"content":{"rendered":"\t\t<div data-elementor-type=\"wp-page\" data-elementor-id=\"89\" class=\"elementor elementor-89\" data-elementor-post-type=\"page\">\n\t\t\t\t<div class=\"elementor-element elementor-element-76426744 e-flex e-con-boxed e-con e-parent\" data-id=\"76426744\" data-element_type=\"container\">\n\t\t\t\t\t<div class=\"e-con-inner\">\n\t\t\t\t<div class=\"elementor-element elementor-element-57cc6690 elementor-widget elementor-widget-heading\" data-id=\"57cc6690\" data-element_type=\"widget\" data-widget_type=\"heading.default\">\n\t\t\t\t<div class=\"elementor-widget-container\">\n\t\t\t\t\t<h1 class=\"elementor-heading-title elementor-size-default\">Serviciile Noastre<\/h1>\t\t\t\t<\/div>\n\t\t\t\t<\/div>\n\t\t\t\t<div class=\"elementor-element elementor-element-f7adc00 elementor-widget elementor-widget-heading\" data-id=\"f7adc00\" data-element_type=\"widget\" data-widget_type=\"heading.default\">\n\t\t\t\t<div class=\"elementor-widget-container\">\n\t\t\t\t\t<h2 class=\"elementor-heading-title elementor-size-default\">Esti pregatit sa iti transformi look-ul ?<\/h2>\t\t\t\t<\/div>\n\t\t\t\t<\/div>\n\t\t\t\t<div class=\"elementor-element elementor-element-ab372de elementor-widget elementor-widget-text-editor\" data-id=\"ab372de\" data-element_type=\"widget\" data-widget_type=\"text-editor.default\">\n\t\t\t\t<div class=\"elementor-widget-container\">\n\t\t\t\t\t\t\t\t\t<p>Alege din lista noastra completa de servicii si programeaza-te in functie de ceea ce iti doresti<\/p>\t\t\t\t\t\t\t\t<\/div>\n\t\t\t\t<\/div>\n\t\t\t\t\t<\/div>\n\t\t\t\t<\/div>\n\t\t<div class=\"elementor-element elementor-element-609355d6 e-flex e-con-boxed e-con e-parent\" data-id=\"609355d6\" data-element_type=\"container\" data-settings=\"{&quot;background_background&quot;:&quot;classic&quot;}\">\n\t\t\t\t\t<div class=\"e-con-inner\">\n\t\t<div class=\"elementor-element elementor-element-7656a97f e-con-full e-flex e-con e-child\" data-id=\"7656a97f\" data-element_type=\"container\">\n\t\t\t\t<div class=\"elementor-element elementor-element-72721ad9 elementor-widget__width-initial elementor-widget-tablet__width-initial elementor-widget-mobile__width-inherit elementor-cta--skin-cover elementor-animated-content elementor-invisible elementor-widget elementor-widget-call-to-action\" data-id=\"72721ad9\" data-element_type=\"widget\" data-settings=\"{&quot;_animation&quot;:&quot;fadeInUp&quot;}\" data-widget_type=\"call-to-action.default\">\n\t\t\t\t<div class=\"elementor-widget-container\">\n\t\t\t\t\t\t\t<a class=\"elementor-cta\" href=\"https:\/\/salonapahida.ro\/index.php\/coafor\/\">\n\t\t\t\t\t<div class=\"elementor-cta__bg-wrapper\">\n\t\t\t\t<div class=\"elementor-cta__bg elementor-bg\" style=\"background-image: url(https:\/\/salonapahida.ro\/wp-content\/uploads\/2024\/03\/DSC_7260-scaled.webp);\" role=\"img\" aria-label=\"DSC_7260\"><\/div>\n\t\t\t\t<div class=\"elementor-cta__bg-overlay\"><\/div>\n\t\t\t<\/div>\n\t\t\t\t\t\t\t<div class=\"elementor-cta__content\">\n\t\t\t\t\n\t\t\t\t\t\t\t\t\t<span class=\"elementor-cta__title elementor-cta__content-item elementor-content-item elementor-animated-item--grow\">\n\t\t\t\t\t\tCoafor\t\t\t\t\t<\/span>\n\t\t\t\t\n\t\t\t\t\t\t\t\t\t<div class=\"elementor-cta__description elementor-cta__content-item elementor-content-item elementor-animated-item--grow\">\n\t\t\t\t\t\tStiluri moderne,<br> str\u0103lucire natural\u0103.\t\t\t\t\t<\/div>\n\t\t\t\t\n\t\t\t\t\t\t\t<\/div>\n\t\t\t\t\t\t<\/a>\n\t\t\t\t\t\t<\/div>\n\t\t\t\t<\/div>\n\t\t\t\t<div class=\"elementor-element elementor-element-7ac4ca67 elementor-widget__width-initial elementor-widget-tablet__width-initial elementor-widget-mobile__width-inherit elementor-cta--skin-cover elementor-animated-content elementor-invisible elementor-widget elementor-widget-call-to-action\" data-id=\"7ac4ca67\" data-element_type=\"widget\" data-settings=\"{&quot;_animation&quot;:&quot;fadeInUp&quot;}\" data-widget_type=\"call-to-action.default\">\n\t\t\t\t<div class=\"elementor-widget-container\">\n\t\t\t\t\t\t\t<a class=\"elementor-cta\" href=\"https:\/\/salonapahida.ro\/index.php\/cosmetica\/\">\n\t\t\t\t\t<div class=\"elementor-cta__bg-wrapper\">\n\t\t\t\t<div class=\"elementor-cta__bg elementor-bg\" style=\"background-image: url(https:\/\/salonapahida.ro\/wp-content\/uploads\/2024\/03\/296343628_116970931089952_4066293378082021329_n.webp);\" role=\"img\" aria-label=\"296343628_116970931089952_4066293378082021329_n\"><\/div>\n\t\t\t\t<div class=\"elementor-cta__bg-overlay\"><\/div>\n\t\t\t<\/div>\n\t\t\t\t\t\t\t<div class=\"elementor-cta__content\">\n\t\t\t\t\n\t\t\t\t\t\t\t\t\t<span class=\"elementor-cta__title elementor-cta__content-item elementor-content-item elementor-animated-item--grow\">\n\t\t\t\t\t\tCosmetica\t\t\t\t\t<\/span>\n\t\t\t\t\n\t\t\t\t\t\t\t\t\t<div class=\"elementor-cta__description elementor-cta__content-item elementor-content-item elementor-animated-item--grow\">\n\t\t\t\t\t\t \u00cengrijire profund\u0103,<br> ten radiant.\t\t\t\t\t<\/div>\n\t\t\t\t\n\t\t\t\t\t\t\t<\/div>\n\t\t\t\t\t\t<\/a>\n\t\t\t\t\t\t<\/div>\n\t\t\t\t<\/div>\n\t\t\t\t<div class=\"elementor-element elementor-element-2cd9dcdb elementor-widget__width-initial elementor-widget-tablet__width-initial elementor-widget-mobile__width-inherit elementor-cta--skin-cover elementor-animated-content elementor-invisible elementor-widget elementor-widget-call-to-action\" data-id=\"2cd9dcdb\" data-element_type=\"widget\" data-settings=\"{&quot;_animation&quot;:&quot;fadeInUp&quot;}\" data-widget_type=\"call-to-action.default\">\n\t\t\t\t<div class=\"elementor-widget-container\">\n\t\t\t\t\t\t\t<a class=\"elementor-cta\" href=\"https:\/\/salonapahida.ro\/index.php\/epilare-definitiva\/\">\n\t\t\t\t\t<div class=\"elementor-cta__bg-wrapper\">\n\t\t\t\t<div class=\"elementor-cta__bg elementor-bg\" style=\"background-image: url(https:\/\/salonapahida.ro\/wp-content\/uploads\/2024\/03\/39c95292-bfaf-4fdd-87c3-1cb95073bdf9.webp);\" role=\"img\" aria-label=\"39c95292-bfaf-4fdd-87c3-1cb95073bdf9\"><\/div>\n\t\t\t\t<div class=\"elementor-cta__bg-overlay\"><\/div>\n\t\t\t<\/div>\n\t\t\t\t\t\t\t<div class=\"elementor-cta__content\">\n\t\t\t\t\n\t\t\t\t\t\t\t\t\t<span class=\"elementor-cta__title elementor-cta__content-item elementor-content-item elementor-animated-item--grow\">\n\t\t\t\t\t\tEpilare definitiva\t\t\t\t\t<\/span>\n\t\t\t\t\n\t\t\t\t\t\t\t\t\t<div class=\"elementor-cta__description elementor-cta__content-item elementor-content-item elementor-animated-item--grow\">\n\t\t\t\t\t\tPiele neted\u0103, <br>rezultate durabile.\t\t\t\t\t<\/div>\n\t\t\t\t\n\t\t\t\t\t\t\t<\/div>\n\t\t\t\t\t\t<\/a>\n\t\t\t\t\t\t<\/div>\n\t\t\t\t<\/div>\n\t\t\t\t<div class=\"elementor-element elementor-element-246a2d9e elementor-widget__width-initial elementor-widget-tablet__width-initial elementor-widget-mobile__width-inherit elementor-cta--skin-cover elementor-animated-content elementor-invisible elementor-widget elementor-widget-call-to-action\" data-id=\"246a2d9e\" data-element_type=\"widget\" data-settings=\"{&quot;_animation&quot;:&quot;fadeInUp&quot;}\" data-widget_type=\"call-to-action.default\">\n\t\t\t\t<div class=\"elementor-widget-container\">\n\t\t\t\t\t\t\t<a class=\"elementor-cta\" href=\"https:\/\/salonapahida.ro\/index.php\/manichiura\/\">\n\t\t\t\t\t<div class=\"elementor-cta__bg-wrapper\">\n\t\t\t\t<div class=\"elementor-cta__bg elementor-bg\" style=\"background-image: url(https:\/\/salonapahida.ro\/wp-content\/uploads\/2024\/03\/IMG_5200.webp);\" role=\"img\" aria-label=\"IMG_5200\"><\/div>\n\t\t\t\t<div class=\"elementor-cta__bg-overlay\"><\/div>\n\t\t\t<\/div>\n\t\t\t\t\t\t\t<div class=\"elementor-cta__content\">\n\t\t\t\t\n\t\t\t\t\t\t\t\t\t<span class=\"elementor-cta__title elementor-cta__content-item elementor-content-item elementor-animated-item--grow\">\n\t\t\t\t\t\tManichiura + Pedichiura\t\t\t\t\t<\/span>\n\t\t\t\t\n\t\t\t\t\t\t\t\t\t<div class=\"elementor-cta__description elementor-cta__content-item elementor-content-item elementor-animated-item--grow\">\n\t\t\t\t\t\tUnghii tehnice si clasice\t\t\t\t\t<\/div>\n\t\t\t\t\n\t\t\t\t\t\t\t<\/div>\n\t\t\t\t\t\t<\/a>\n\t\t\t\t\t\t<\/div>\n\t\t\t\t<\/div>\n\t\t\t\t<\/div>\n\t\t<div class=\"elementor-element elementor-element-1a77fa8 e-con-full e-flex e-con e-child\" data-id=\"1a77fa8\" data-element_type=\"container\">\n\t\t\t\t<div class=\"elementor-element elementor-element-d164515 elementor-widget__width-initial elementor-widget-tablet__width-initial elementor-widget-mobile__width-inherit elementor-cta--skin-cover elementor-animated-content elementor-invisible elementor-widget elementor-widget-call-to-action\" data-id=\"d164515\" data-element_type=\"widget\" data-settings=\"{&quot;_animation&quot;:&quot;fadeInUp&quot;}\" data-widget_type=\"call-to-action.default\">\n\t\t\t\t<div class=\"elementor-widget-container\">\n\t\t\t\t\t\t\t<a class=\"elementor-cta\" href=\"https:\/\/salonapahida.ro\/index.php\/remodelare-corporala\/\">\n\t\t\t\t\t<div class=\"elementor-cta__bg-wrapper\">\n\t\t\t\t<div class=\"elementor-cta__bg elementor-bg\" style=\"background-image: url(https:\/\/salonapahida.ro\/wp-content\/uploads\/2024\/03\/DSC_7220-scaled.webp);\" role=\"img\" aria-label=\"DSC_7220\"><\/div>\n\t\t\t\t<div class=\"elementor-cta__bg-overlay\"><\/div>\n\t\t\t<\/div>\n\t\t\t\t\t\t\t<div class=\"elementor-cta__content\">\n\t\t\t\t\n\t\t\t\t\t\t\t\t\t<span class=\"elementor-cta__title elementor-cta__content-item elementor-content-item elementor-animated-item--grow\">\n\t\t\t\t\t\tRemodelare Corporala\t\t\t\t\t<\/span>\n\t\t\t\t\n\t\t\t\t\t\t\t\t\t<div class=\"elementor-cta__description elementor-cta__content-item elementor-content-item elementor-animated-item--grow\">\n\t\t\t\t\t\tSiluet\u0103 armonioas\u0103,<br> \u00eencredere sporit\u0103.\t\t\t\t\t<\/div>\n\t\t\t\t\n\t\t\t\t\t\t\t<\/div>\n\t\t\t\t\t\t<\/a>\n\t\t\t\t\t\t<\/div>\n\t\t\t\t<\/div>\n\t\t\t\t<\/div>\n\t\t\t\t\t<\/div>\n\t\t\t\t<\/div>\n\t\t<div class=\"elementor-element elementor-element-16595179 e-flex e-con-boxed e-con e-parent\" data-id=\"16595179\" data-element_type=\"container\">\n\t\t\t\t\t<div class=\"e-con-inner\">\n\t\t<div class=\"elementor-element elementor-element-458e3535 e-con-full e-flex e-con e-child\" data-id=\"458e3535\" data-element_type=\"container\">\n\t\t\t\t<div class=\"elementor-element elementor-element-ea58561 elementor-widget elementor-widget-image\" data-id=\"ea58561\" data-element_type=\"widget\" data-widget_type=\"image.default\">\n\t\t\t\t<div class=\"elementor-widget-container\">\n\t\t\t\t\t\t\t\t\t\t\t\t\t\t\t<img fetchpriority=\"high\" decoding=\"async\" width=\"800\" height=\"569\" src=\"https:\/\/salonapahida.ro\/wp-content\/uploads\/2024\/03\/DSC_7210-1024x728.webp\" class=\"attachment-large size-large wp-image-1140\" alt=\"\" srcset=\"https:\/\/salonapahida.ro\/wp-content\/uploads\/2024\/03\/DSC_7210-1024x728.webp 1024w, https:\/\/salonapahida.ro\/wp-content\/uploads\/2024\/03\/DSC_7210-300x213.webp 300w, https:\/\/salonapahida.ro\/wp-content\/uploads\/2024\/03\/DSC_7210-768x546.webp 768w, https:\/\/salonapahida.ro\/wp-content\/uploads\/2024\/03\/DSC_7210-1536x1093.webp 1536w, https:\/\/salonapahida.ro\/wp-content\/uploads\/2024\/03\/DSC_7210-2048x1457.webp 2048w\" sizes=\"(max-width: 800px) 100vw, 800px\" \/>\t\t\t\t\t\t\t\t\t\t\t\t\t\t\t<\/div>\n\t\t\t\t<\/div>\n\t\t\t\t<\/div>\n\t\t<div class=\"elementor-element elementor-element-3cb053c1 e-con-full e-flex e-con e-child\" data-id=\"3cb053c1\" data-element_type=\"container\">\n\t\t\t\t<div class=\"elementor-element elementor-element-3df8127a elementor-widget elementor-widget-heading\" data-id=\"3df8127a\" data-element_type=\"widget\" data-widget_type=\"heading.default\">\n\t\t\t\t<div class=\"elementor-widget-container\">\n\t\t\t\t\t<h1 class=\"elementor-heading-title elementor-size-default\">Programeaza-te acum la unul din specialistii nostrii<\/h1>\t\t\t\t<\/div>\n\t\t\t\t<\/div>\n\t\t\t\t<div class=\"elementor-element elementor-element-085bc4e elementor-widget elementor-widget-spacer\" data-id=\"085bc4e\" data-element_type=\"widget\" data-widget_type=\"spacer.default\">\n\t\t\t\t<div class=\"elementor-widget-container\">\n\t\t\t\t\t\t\t<div class=\"elementor-spacer\">\n\t\t\t<div class=\"elementor-spacer-inner\"><\/div>\n\t\t<\/div>\n\t\t\t\t\t\t<\/div>\n\t\t\t\t<\/div>\n\t\t\t\t<div class=\"elementor-element elementor-element-773adffd elementor-mobile-align-center elementor-tablet-align-center elementor-widget elementor-widget-button\" data-id=\"773adffd\" data-element_type=\"widget\" data-widget_type=\"button.default\">\n\t\t\t\t<div class=\"elementor-widget-container\">\n\t\t\t\t\t\t\t\t\t<div class=\"elementor-button-wrapper\">\n\t\t\t\t\t<a class=\"elementor-button elementor-button-link elementor-size-sm\" href=\"https:\/\/salonapahida.ro\/index.php\/contact\/\">\n\t\t\t\t\t\t<span class=\"elementor-button-content-wrapper\">\n\t\t\t\t\t\t\t\t\t<span class=\"elementor-button-text\">Rezerv\u0103-\u021bi locul<\/span>\n\t\t\t\t\t<\/span>\n\t\t\t\t\t<\/a>\n\t\t\t\t<\/div>\n\t\t\t\t\t\t\t\t<\/div>\n\t\t\t\t<\/div>\n\t\t\t\t<\/div>\n\t\t\t\t\t<\/div>\n\t\t\t\t<\/div>\n\t\t<div class=\"elementor-element elementor-element-a7be745 e-flex e-con-boxed e-con e-parent\" data-id=\"a7be745\" data-element_type=\"container\">\n\t\t\t\t\t<div class=\"e-con-inner\">\n\t\t\t\t<div class=\"elementor-element elementor-element-80f18c2 elementor-absolute elementor-widget elementor-widget-spacer\" data-id=\"80f18c2\" data-element_type=\"widget\" data-settings=\"{&quot;_position&quot;:&quot;absolute&quot;}\" data-widget_type=\"spacer.default\">\n\t\t\t\t<div class=\"elementor-widget-container\">\n\t\t\t\t\t\t\t<div class=\"elementor-spacer\">\n\t\t\t<div class=\"elementor-spacer-inner\"><\/div>\n\t\t<\/div>\n\t\t\t\t\t\t<\/div>\n\t\t\t\t<\/div>\n\t\t\t\t\t<\/div>\n\t\t\t\t<\/div>\n\t\t\t\t<\/div>\n\t\t","protected":false},"excerpt":{"rendered":"<p>Serviciile Noastre Esti pregatit sa iti transformi look-ul ? Alege din lista noastra completa de servicii si programeaza-te in functie de ceea ce iti doresti Coafor Stiluri moderne, str\u0103lucire natural\u0103. Cosmetica \u00cengrijire profund\u0103, ten radiant. Epilare definitiva Piele neted\u0103, rezultate durabile. Manichiura + Pedichiura Unghii tehnice si clasice Remodelare Corporala Siluet\u0103 armonioas\u0103, \u00eencredere sporit\u0103. Programeaza-te [&hellip;]<\/p>\n","protected":false},"author":1,"featured_media":0,"parent":0,"menu_order":0,"comment_status":"closed","ping_status":"closed","template":"","meta":{"footnotes":""},"class_list":["post-89","page","type-page","status-publish","hentry"],"yoast_head":"<!-- This site is optimized with the Yoast SEO plugin v25.3 - https:\/\/yoast.com\/wordpress\/plugins\/seo\/ -->\n<title>Servicii - Lavi Beauty Studio<\/title>\n<meta name=\"robots\" content=\"index, follow, max-snippet:-1, max-image-preview:large, max-video-preview:-1\" \/>\n<link rel=\"canonical\" href=\"https:\/\/salonapahida.ro\/index.php\/servicii\/\" \/>\n<meta property=\"og:locale\" content=\"en_US\" \/>\n<meta property=\"og:type\" content=\"article\" \/>\n<meta property=\"og:title\" content=\"Servicii - Lavi Beauty Studio\" \/>\n<meta property=\"og:description\" content=\"Serviciile Noastre Esti pregatit sa iti transformi look-ul ? Alege din lista noastra completa de servicii si programeaza-te in functie de ceea ce iti doresti Coafor Stiluri moderne, str\u0103lucire natural\u0103. Cosmetica \u00cengrijire profund\u0103, ten radiant. Epilare definitiva Piele neted\u0103, rezultate durabile. Manichiura + Pedichiura Unghii tehnice si clasice Remodelare Corporala Siluet\u0103 armonioas\u0103, \u00eencredere sporit\u0103. Programeaza-te [&hellip;]\" \/>\n<meta property=\"og:url\" content=\"https:\/\/salonapahida.ro\/index.php\/servicii\/\" \/>\n<meta property=\"og:site_name\" content=\"Lavi Beauty Studio\" \/>\n<meta property=\"article:publisher\" content=\"https:\/\/www.facebook.com\/profile.php?id=100083311360591&amp;paipv=0&amp;eav=AfaLMLO08DE3-7mICYUh4UBMd_fWwNzImhY40em3QHCeVWKANu4Mbc3IWgo0Dwi2K2g\" \/>\n<meta property=\"article:modified_time\" content=\"2024-04-06T14:13:16+00:00\" \/>\n<meta property=\"og:image\" content=\"https:\/\/salonapahida.ro\/wp-content\/uploads\/2024\/03\/DSC_7210-1024x728.webp\" \/>\n<meta name=\"twitter:card\" content=\"summary_large_image\" \/>\n<meta name=\"twitter:label1\" content=\"Est. reading time\" \/>\n\t<meta name=\"twitter:data1\" content=\"1 minute\" \/>\n<script type=\"application\/ld+json\" class=\"yoast-schema-graph\">{\"@context\":\"https:\/\/schema.org\",\"@graph\":[{\"@type\":\"WebPage\",\"@id\":\"https:\/\/salonapahida.ro\/index.php\/servicii\/\",\"url\":\"https:\/\/salonapahida.ro\/index.php\/servicii\/\",\"name\":\"Servicii - Lavi Beauty Studio\",\"isPartOf\":{\"@id\":\"https:\/\/salonapahida.ro\/#website\"},\"primaryImageOfPage\":{\"@id\":\"https:\/\/salonapahida.ro\/index.php\/servicii\/#primaryimage\"},\"image\":{\"@id\":\"https:\/\/salonapahida.ro\/index.php\/servicii\/#primaryimage\"},\"thumbnailUrl\":\"https:\/\/salonapahida.ro\/wp-content\/uploads\/2024\/03\/DSC_7210-1024x728.webp\",\"datePublished\":\"2024-03-21T09:53:22+00:00\",\"dateModified\":\"2024-04-06T14:13:16+00:00\",\"breadcrumb\":{\"@id\":\"https:\/\/salonapahida.ro\/index.php\/servicii\/#breadcrumb\"},\"inLanguage\":\"en-US\",\"potentialAction\":[{\"@type\":\"ReadAction\",\"target\":[\"https:\/\/salonapahida.ro\/index.php\/servicii\/\"]}]},{\"@type\":\"ImageObject\",\"inLanguage\":\"en-US\",\"@id\":\"https:\/\/salonapahida.ro\/index.php\/servicii\/#primaryimage\",\"url\":\"https:\/\/salonapahida.ro\/wp-content\/uploads\/2024\/03\/DSC_7210-scaled.webp\",\"contentUrl\":\"https:\/\/salonapahida.ro\/wp-content\/uploads\/2024\/03\/DSC_7210-scaled.webp\",\"width\":2560,\"height\":1821},{\"@type\":\"BreadcrumbList\",\"@id\":\"https:\/\/salonapahida.ro\/index.php\/servicii\/#breadcrumb\",\"itemListElement\":[{\"@type\":\"ListItem\",\"position\":1,\"name\":\"Home\",\"item\":\"https:\/\/salonapahida.ro\/\"},{\"@type\":\"ListItem\",\"position\":2,\"name\":\"Servicii\"}]},{\"@type\":\"WebSite\",\"@id\":\"https:\/\/salonapahida.ro\/#website\",\"url\":\"https:\/\/salonapahida.ro\/\",\"name\":\"Lavi Beauty Studio\",\"description\":\"\",\"publisher\":{\"@id\":\"https:\/\/salonapahida.ro\/#organization\"},\"potentialAction\":[{\"@type\":\"SearchAction\",\"target\":{\"@type\":\"EntryPoint\",\"urlTemplate\":\"https:\/\/salonapahida.ro\/?s={search_term_string}\"},\"query-input\":{\"@type\":\"PropertyValueSpecification\",\"valueRequired\":true,\"valueName\":\"search_term_string\"}}],\"inLanguage\":\"en-US\"},{\"@type\":\"Organization\",\"@id\":\"https:\/\/salonapahida.ro\/#organization\",\"name\":\"Lavi Beauty Studio\",\"url\":\"https:\/\/salonapahida.ro\/\",\"logo\":{\"@type\":\"ImageObject\",\"inLanguage\":\"en-US\",\"@id\":\"https:\/\/salonapahida.ro\/#\/schema\/logo\/image\/\",\"url\":\"https:\/\/salonapahida.ro\/wp-content\/uploads\/2024\/03\/CREO-2.webp\",\"contentUrl\":\"https:\/\/salonapahida.ro\/wp-content\/uploads\/2024\/03\/CREO-2.webp\",\"width\":1562,\"height\":1562,\"caption\":\"Lavi Beauty Studio\"},\"image\":{\"@id\":\"https:\/\/salonapahida.ro\/#\/schema\/logo\/image\/\"},\"sameAs\":[\"https:\/\/www.facebook.com\/profile.php?id=100083311360591&paipv=0&eav=AfaLMLO08DE3-7mICYUh4UBMd_fWwNzImhY40em3QHCeVWKANu4Mbc3IWgo0Dwi2K2g\"]}]}<\/script>\n<!-- \/ Yoast SEO plugin. -->","yoast_head_json":{"title":"Servicii - Lavi Beauty Studio","robots":{"index":"index","follow":"follow","max-snippet":"max-snippet:-1","max-image-preview":"max-image-preview:large","max-video-preview":"max-video-preview:-1"},"canonical":"https:\/\/salonapahida.ro\/index.php\/servicii\/","og_locale":"en_US","og_type":"article","og_title":"Servicii - Lavi Beauty Studio","og_description":"Serviciile Noastre Esti pregatit sa iti transformi look-ul ? Alege din lista noastra completa de servicii si programeaza-te in functie de ceea ce iti doresti Coafor Stiluri moderne, str\u0103lucire natural\u0103. Cosmetica \u00cengrijire profund\u0103, ten radiant. Epilare definitiva Piele neted\u0103, rezultate durabile. Manichiura + Pedichiura Unghii tehnice si clasice Remodelare Corporala Siluet\u0103 armonioas\u0103, \u00eencredere sporit\u0103. Programeaza-te [&hellip;]","og_url":"https:\/\/salonapahida.ro\/index.php\/servicii\/","og_site_name":"Lavi Beauty Studio","article_publisher":"https:\/\/www.facebook.com\/profile.php?id=100083311360591&paipv=0&eav=AfaLMLO08DE3-7mICYUh4UBMd_fWwNzImhY40em3QHCeVWKANu4Mbc3IWgo0Dwi2K2g","article_modified_time":"2024-04-06T14:13:16+00:00","og_image":[{"url":"https:\/\/salonapahida.ro\/wp-content\/uploads\/2024\/03\/DSC_7210-1024x728.webp","type":"","width":"","height":""}],"twitter_card":"summary_large_image","twitter_misc":{"Est. reading time":"1 minute"},"schema":{"@context":"https:\/\/schema.org","@graph":[{"@type":"WebPage","@id":"https:\/\/salonapahida.ro\/index.php\/servicii\/","url":"https:\/\/salonapahida.ro\/index.php\/servicii\/","name":"Servicii - Lavi Beauty Studio","isPartOf":{"@id":"https:\/\/salonapahida.ro\/#website"},"primaryImageOfPage":{"@id":"https:\/\/salonapahida.ro\/index.php\/servicii\/#primaryimage"},"image":{"@id":"https:\/\/salonapahida.ro\/index.php\/servicii\/#primaryimage"},"thumbnailUrl":"https:\/\/salonapahida.ro\/wp-content\/uploads\/2024\/03\/DSC_7210-1024x728.webp","datePublished":"2024-03-21T09:53:22+00:00","dateModified":"2024-04-06T14:13:16+00:00","breadcrumb":{"@id":"https:\/\/salonapahida.ro\/index.php\/servicii\/#breadcrumb"},"inLanguage":"en-US","potentialAction":[{"@type":"ReadAction","target":["https:\/\/salonapahida.ro\/index.php\/servicii\/"]}]},{"@type":"ImageObject","inLanguage":"en-US","@id":"https:\/\/salonapahida.ro\/index.php\/servicii\/#primaryimage","url":"https:\/\/salonapahida.ro\/wp-content\/uploads\/2024\/03\/DSC_7210-scaled.webp","contentUrl":"https:\/\/salonapahida.ro\/wp-content\/uploads\/2024\/03\/DSC_7210-scaled.webp","width":2560,"height":1821},{"@type":"BreadcrumbList","@id":"https:\/\/salonapahida.ro\/index.php\/servicii\/#breadcrumb","itemListElement":[{"@type":"ListItem","position":1,"name":"Home","item":"https:\/\/salonapahida.ro\/"},{"@type":"ListItem","position":2,"name":"Servicii"}]},{"@type":"WebSite","@id":"https:\/\/salonapahida.ro\/#website","url":"https:\/\/salonapahida.ro\/","name":"Lavi Beauty Studio","description":"","publisher":{"@id":"https:\/\/salonapahida.ro\/#organization"},"potentialAction":[{"@type":"SearchAction","target":{"@type":"EntryPoint","urlTemplate":"https:\/\/salonapahida.ro\/?s={search_term_string}"},"query-input":{"@type":"PropertyValueSpecification","valueRequired":true,"valueName":"search_term_string"}}],"inLanguage":"en-US"},{"@type":"Organization","@id":"https:\/\/salonapahida.ro\/#organization","name":"Lavi Beauty Studio","url":"https:\/\/salonapahida.ro\/","logo":{"@type":"ImageObject","inLanguage":"en-US","@id":"https:\/\/salonapahida.ro\/#\/schema\/logo\/image\/","url":"https:\/\/salonapahida.ro\/wp-content\/uploads\/2024\/03\/CREO-2.webp","contentUrl":"https:\/\/salonapahida.ro\/wp-content\/uploads\/2024\/03\/CREO-2.webp","width":1562,"height":1562,"caption":"Lavi Beauty Studio"},"image":{"@id":"https:\/\/salonapahida.ro\/#\/schema\/logo\/image\/"},"sameAs":["https:\/\/www.facebook.com\/profile.php?id=100083311360591&paipv=0&eav=AfaLMLO08DE3-7mICYUh4UBMd_fWwNzImhY40em3QHCeVWKANu4Mbc3IWgo0Dwi2K2g"]}]}},"_links":{"self":[{"href":"https:\/\/salonapahida.ro\/index.php\/wp-json\/wp\/v2\/pages\/89","targetHints":{"allow":["GET"]}}],"collection":[{"href":"https:\/\/salonapahida.ro\/index.php\/wp-json\/wp\/v2\/pages"}],"about":[{"href":"https:\/\/salonapahida.ro\/index.php\/wp-json\/wp\/v2\/types\/page"}],"author":[{"embeddable":true,"href":"https:\/\/salonapahida.ro\/index.php\/wp-json\/wp\/v2\/users\/1"}],"replies":[{"embeddable":true,"href":"https:\/\/salonapahida.ro\/index.php\/wp-json\/wp\/v2\/comments?post=89"}],"version-history":[{"count":142,"href":"https:\/\/salonapahida.ro\/index.php\/wp-json\/wp\/v2\/pages\/89\/revisions"}],"predecessor-version":[{"id":1483,"href":"https:\/\/salonapahida.ro\/index.php\/wp-json\/wp\/v2\/pages\/89\/revisions\/1483"}],"wp:attachment":[{"href":"https:\/\/salonapahida.ro\/index.php\/wp-json\/wp\/v2\/media?parent=89"}],"curies":[{"name":"wp","href":"https:\/\/api.w.org\/{rel}","templated":true}]}}